{"id":19441,"date":"2025-01-30T23:16:09","date_gmt":"2025-01-30T23:16:09","guid":{"rendered":"https:\/\/paninzenjering.com\/?page_id=19441"},"modified":"2025-04-12T04:38:05","modified_gmt":"2025-04-12T03:38:05","slug":"najcesca-pitanja","status":"publish","type":"page","link":"https:\/\/paninzenjering.com\/en\/najcesca-pitanja\/","title":{"rendered":"Frequently Asked Questions"},"content":{"rendered":"<div data-elementor-type=\"wp-page\" data-elementor-id=\"19441\" class=\"elementor elementor-19441\">\n\t\t\t\t\t\t<section class=\"elementor-section elementor-top-section elementor-element elementor-element-e19db15 elementor-section-boxed elementor-section-height-default elementor-section-height-default sc_fly_static\" data-id=\"e19db15\" data-element_type=\"section\" data-e-type=\"section\">\n\t\t\t\t\t\t<div class=\"elementor-container elementor-column-gap-extended\">\n\t\t\t\t\t<div class=\"elementor-column elementor-col-100 elementor-top-column elementor-element elementor-element-3f242a9 sc_content_align_inherit sc_layouts_column_icons_position_left sc_fly_static\" data-id=\"3f242a9\" data-element_type=\"column\" data-e-type=\"column\">\n\t\t\t<div class=\"elementor-widget-wrap elementor-element-populated\">\n\t\t\t\t\t\t<div class=\"elementor-element elementor-element-bec4b9a sc_height_huge sc_fly_static elementor-widget elementor-widget-spacer\" data-id=\"bec4b9a\" data-element_type=\"widget\" data-e-type=\"widget\" data-widget_type=\"spacer.default\">\n\t\t\t\t<div class=\"elementor-widget-container\">\n\t\t\t\t\t\t\t<div class=\"elementor-spacer\">\n\t\t\t<div class=\"elementor-spacer-inner\"><\/div>\n\t\t<\/div>\n\t\t\t\t\t\t<\/div>\n\t\t\t\t<\/div>\n\t\t\t\t\t<\/div>\n\t\t<\/div>\n\t\t\t\t\t<\/div>\n\t\t<\/section>\n\t\t\t\t<section class=\"elementor-section elementor-top-section elementor-element elementor-element-4f7776e5 elementor-section-content-middle elementor-section-boxed elementor-section-height-default elementor-section-height-default sc_fly_static\" data-id=\"4f7776e5\" data-element_type=\"section\" data-e-type=\"section\">\n\t\t\t\t\t\t<div class=\"elementor-container elementor-column-gap-extended\">\n\t\t\t\t\t<div class=\"elementor-column elementor-col-50 elementor-top-column elementor-element elementor-element-69a2d2cf sc_content_align_inherit sc_layouts_column_icons_position_left sc_fly_static\" data-id=\"69a2d2cf\" data-element_type=\"column\" data-e-type=\"column\">\n\t\t\t<div class=\"elementor-widget-wrap elementor-element-populated\">\n\t\t\t\t\t\t<div class=\"elementor-element elementor-element-60556a46 sc_fly_static elementor-widget elementor-widget-image\" data-id=\"60556a46\" data-element_type=\"widget\" data-e-type=\"widget\" data-widget_type=\"image.default\">\n\t\t\t\t<div class=\"elementor-widget-container\">\n\t\t\t\t\t\t\t\t\t\t\t\t\t\t\t<img fetchpriority=\"high\" decoding=\"async\" width=\"425\" height=\"472\" src=\"https:\/\/paninzenjering.com\/wp-content\/uploads\/2025\/02\/Pan-inzenjering-Samohodna-kamera-2.jpg\" class=\"attachment-full size-full wp-image-21573\" alt=\"\" srcset=\"https:\/\/paninzenjering.com\/wp-content\/uploads\/2025\/02\/Pan-inzenjering-Samohodna-kamera-2.jpg 425w, https:\/\/paninzenjering.com\/wp-content\/uploads\/2025\/02\/Pan-inzenjering-Samohodna-kamera-2-270x300.jpg 270w, https:\/\/paninzenjering.com\/wp-content\/uploads\/2025\/02\/Pan-inzenjering-Samohodna-kamera-2-370x411.jpg 370w, https:\/\/paninzenjering.com\/wp-content\/uploads\/2025\/02\/Pan-inzenjering-Samohodna-kamera-2-410x455.jpg 410w\" sizes=\"(max-width: 600px) 100vw, 425px\" \/>\t\t\t\t\t\t\t\t\t\t\t\t\t\t\t<\/div>\n\t\t\t\t<\/div>\n\t\t\t\t\t<\/div>\n\t\t<\/div>\n\t\t\t\t<div class=\"elementor-column elementor-col-50 elementor-top-column elementor-element elementor-element-da419f9 sc_content_align_inherit sc_layouts_column_icons_position_left sc_fly_static\" data-id=\"da419f9\" data-element_type=\"column\" data-e-type=\"column\">\n\t\t\t<div class=\"elementor-widget-wrap elementor-element-populated\">\n\t\t\t\t\t\t<div class=\"elementor-element elementor-element-5e411561 sc_fly_static elementor-widget elementor-widget-trx_sc_title\" data-id=\"5e411561\" data-element_type=\"widget\" data-e-type=\"widget\" data-widget_type=\"trx_sc_title.default\">\n\t\t\t\t<div class=\"elementor-widget-container\">\n\t\t\t\t\t<div\t\tclass=\"sc_title sc_title_default\" ><span class=\"sc_item_subtitle sc_title_subtitle sc_item_subtitle_above sc_item_title_style_default\">FAQ<\/span><h1 class=\"sc_item_title sc_title_title sc_item_title_style_default sc_item_title_tag\"\n\t\t\t><span class=\"sc_item_title_text\">Odgovaramo na naj\u010de\u0161\u010da pitanja klijenata<\/span><\/h1><\/div>\t\t\t\t<\/div>\n\t\t\t\t<\/div>\n\t\t\t\t<div class=\"elementor-element elementor-element-19da6d69 sc_fly_static elementor-widget elementor-widget-spacer\" data-id=\"19da6d69\" data-element_type=\"widget\" data-e-type=\"widget\" data-widget_type=\"spacer.default\">\n\t\t\t\t<div class=\"elementor-widget-container\">\n\t\t\t\t\t\t\t<div class=\"elementor-spacer\">\n\t\t\t<div class=\"elementor-spacer-inner\"><\/div>\n\t\t<\/div>\n\t\t\t\t\t\t<\/div>\n\t\t\t\t<\/div>\n\t\t\t\t<div class=\"elementor-element elementor-element-222ff9fa elementor-widget-divider--view-line sc_fly_static elementor-widget elementor-widget-divider\" data-id=\"222ff9fa\" data-element_type=\"widget\" data-e-type=\"widget\" data-widget_type=\"divider.default\">\n\t\t\t\t<div class=\"elementor-widget-container\">\n\t\t\t\t\t\t\t<div class=\"elementor-divider\">\n\t\t\t<span class=\"elementor-divider-separator\">\n\t\t\t\t\t\t<\/span>\n\t\t<\/div>\n\t\t\t\t\t\t<\/div>\n\t\t\t\t<\/div>\n\t\t\t\t<div class=\"elementor-element elementor-element-40bc7de6 bordered sc_fly_static elementor-widget elementor-widget-accordion\" data-id=\"40bc7de6\" data-element_type=\"widget\" data-e-type=\"widget\" data-widget_type=\"accordion.default\">\n\t\t\t\t<div class=\"elementor-widget-container\">\n\t\t\t\t\t\t\t<div class=\"elementor-accordion\">\n\t\t\t\t\t\t\t<div class=\"elementor-accordion-item\">\n\t\t\t\t\t<div id=\"elementor-tab-title-1081\" class=\"elementor-tab-title\" data-tab=\"1\" role=\"button\" aria-controls=\"elementor-tab-content-1081\" aria-expanded=\"false\">\n\t\t\t\t\t\t\t\t\t\t\t\t\t<span class=\"elementor-accordion-icon elementor-accordion-icon-right\" aria-hidden=\"true\">\n\t\t\t\t\t\t\t\t\t\t\t\t\t\t\t<span class=\"elementor-accordion-icon-closed\"><\/span>\n\t\t\t\t\t\t\t\t<span class=\"elementor-accordion-icon-opened\"><svg xmlns=\"http:\/\/www.w3.org\/2000\/svg\" xmlns:xlink=\"http:\/\/www.w3.org\/1999\/xlink\" x=\"0px\" y=\"0px\" viewbox=\"0 0 19.9 19.9\" style=\"enable-background:new 0 0 19.9 19.9;\" xml:space=\"preserve\"><path d=\"M16.1,15.3l0-7c0-0.4-0.3-0.8-0.8-0.8c-0.4,0-0.8,0.3-0.8,0.8l0,5.1L5.1,4.1 c-0.3-0.3-0.8-0.3-1.1,0c-0.3,0.3-0.3,0.8,0,1.1l9.4,9.4l-5.1,0c-0.4,0-0.8,0.3-0.8,0.8c0,0.4,0.3,0.8,0.8,0.8l7,0 C15.7,16.1,16.1,15.7,16.1,15.3z\"><\/path><\/svg><\/span>\n\t\t\t\t\t\t\t\t\t\t\t\t\t\t<\/span>\n\t\t\t\t\t\t\t\t\t\t\t\t<a class=\"elementor-accordion-title\" tabindex=\"0\">1. Kako mogu da zaka\u017eem detekciju kvara?<\/a>\n\t\t\t\t\t<\/div>\n\t\t\t\t\t<div id=\"elementor-tab-content-1081\" class=\"elementor-tab-content elementor-clearfix\" data-tab=\"1\" role=\"region\" aria-labelledby=\"elementor-tab-title-1081\"><p>Mo\u017eete nas kontaktirati putem telefona, e-maila ili popunjavanjem forme na sajtu. Na\u0161 tim \u0107e vam se javiti radi dogovora o terminu i detaljima dolaska na teren.<\/p><\/div>\n\t\t\t\t<\/div>\n\t\t\t\t\t\t\t<div class=\"elementor-accordion-item\">\n\t\t\t\t\t<div id=\"elementor-tab-title-1082\" class=\"elementor-tab-title\" data-tab=\"2\" role=\"button\" aria-controls=\"elementor-tab-content-1082\" aria-expanded=\"false\">\n\t\t\t\t\t\t\t\t\t\t\t\t\t<span class=\"elementor-accordion-icon elementor-accordion-icon-right\" aria-hidden=\"true\">\n\t\t\t\t\t\t\t\t\t\t\t\t\t\t\t<span class=\"elementor-accordion-icon-closed\"><\/span>\n\t\t\t\t\t\t\t\t<span class=\"elementor-accordion-icon-opened\"><svg xmlns=\"http:\/\/www.w3.org\/2000\/svg\" xmlns:xlink=\"http:\/\/www.w3.org\/1999\/xlink\" x=\"0px\" y=\"0px\" viewbox=\"0 0 19.9 19.9\" style=\"enable-background:new 0 0 19.9 19.9;\" xml:space=\"preserve\"><path d=\"M16.1,15.3l0-7c0-0.4-0.3-0.8-0.8-0.8c-0.4,0-0.8,0.3-0.8,0.8l0,5.1L5.1,4.1 c-0.3-0.3-0.8-0.3-1.1,0c-0.3,0.3-0.3,0.8,0,1.1l9.4,9.4l-5.1,0c-0.4,0-0.8,0.3-0.8,0.8c0,0.4,0.3,0.8,0.8,0.8l7,0 C15.7,16.1,16.1,15.7,16.1,15.3z\"><\/path><\/svg><\/span>\n\t\t\t\t\t\t\t\t\t\t\t\t\t\t<\/span>\n\t\t\t\t\t\t\t\t\t\t\t\t<a class=\"elementor-accordion-title\" tabindex=\"0\"> 2. Koje vrste kvarova otkrivate?<\/a>\n\t\t\t\t\t<\/div>\n\t\t\t\t\t<div id=\"elementor-tab-content-1082\" class=\"elementor-tab-content elementor-clearfix\" data-tab=\"2\" role=\"region\" aria-labelledby=\"elementor-tab-title-1082\"><p>Specijalizovani smo za detekciju curenja vode, inspekciju kanalizacionih cevi, kao i lociranje o\u0161te\u0107enja u vodovodnim i kanalizacionim sistemima, kako za doma\u0107instva, tako i za industriju.<\/p><\/div>\n\t\t\t\t<\/div>\n\t\t\t\t\t\t\t<div class=\"elementor-accordion-item\">\n\t\t\t\t\t<div id=\"elementor-tab-title-1083\" class=\"elementor-tab-title\" data-tab=\"3\" role=\"button\" aria-controls=\"elementor-tab-content-1083\" aria-expanded=\"false\">\n\t\t\t\t\t\t\t\t\t\t\t\t\t<span class=\"elementor-accordion-icon elementor-accordion-icon-right\" aria-hidden=\"true\">\n\t\t\t\t\t\t\t\t\t\t\t\t\t\t\t<span class=\"elementor-accordion-icon-closed\"><\/span>\n\t\t\t\t\t\t\t\t<span class=\"elementor-accordion-icon-opened\"><svg xmlns=\"http:\/\/www.w3.org\/2000\/svg\" xmlns:xlink=\"http:\/\/www.w3.org\/1999\/xlink\" x=\"0px\" y=\"0px\" viewbox=\"0 0 19.9 19.9\" style=\"enable-background:new 0 0 19.9 19.9;\" xml:space=\"preserve\"><path d=\"M16.1,15.3l0-7c0-0.4-0.3-0.8-0.8-0.8c-0.4,0-0.8,0.3-0.8,0.8l0,5.1L5.1,4.1 c-0.3-0.3-0.8-0.3-1.1,0c-0.3,0.3-0.3,0.8,0,1.1l9.4,9.4l-5.1,0c-0.4,0-0.8,0.3-0.8,0.8c0,0.4,0.3,0.8,0.8,0.8l7,0 C15.7,16.1,16.1,15.7,16.1,15.3z\"><\/path><\/svg><\/span>\n\t\t\t\t\t\t\t\t\t\t\t\t\t\t<\/span>\n\t\t\t\t\t\t\t\t\t\t\t\t<a class=\"elementor-accordion-title\" tabindex=\"0\">3. Da li nudite i re\u0161enje problema, ili samo detekciju?<\/a>\n\t\t\t\t\t<\/div>\n\t\t\t\t\t<div id=\"elementor-tab-content-1083\" class=\"elementor-tab-content elementor-clearfix\" data-tab=\"3\" role=\"region\" aria-labelledby=\"elementor-tab-title-1083\"><p>U ve\u0107ini slu\u010dajeva, uz preciznu detekciju, predla\u017eemo konkretna re\u0161enja i po potrebi anga\u017eujemo na\u0161u ekipu ili partnere za sanaciju.<\/p><\/div>\n\t\t\t\t<\/div>\n\t\t\t\t\t\t\t<div class=\"elementor-accordion-item\">\n\t\t\t\t\t<div id=\"elementor-tab-title-1084\" class=\"elementor-tab-title\" data-tab=\"4\" role=\"button\" aria-controls=\"elementor-tab-content-1084\" aria-expanded=\"false\">\n\t\t\t\t\t\t\t\t\t\t\t\t\t<span class=\"elementor-accordion-icon elementor-accordion-icon-right\" aria-hidden=\"true\">\n\t\t\t\t\t\t\t\t\t\t\t\t\t\t\t<span class=\"elementor-accordion-icon-closed\"><\/span>\n\t\t\t\t\t\t\t\t<span class=\"elementor-accordion-icon-opened\"><svg xmlns=\"http:\/\/www.w3.org\/2000\/svg\" xmlns:xlink=\"http:\/\/www.w3.org\/1999\/xlink\" x=\"0px\" y=\"0px\" viewbox=\"0 0 19.9 19.9\" style=\"enable-background:new 0 0 19.9 19.9;\" xml:space=\"preserve\"><path d=\"M16.1,15.3l0-7c0-0.4-0.3-0.8-0.8-0.8c-0.4,0-0.8,0.3-0.8,0.8l0,5.1L5.1,4.1 c-0.3-0.3-0.8-0.3-1.1,0c-0.3,0.3-0.3,0.8,0,1.1l9.4,9.4l-5.1,0c-0.4,0-0.8,0.3-0.8,0.8c0,0.4,0.3,0.8,0.8,0.8l7,0 C15.7,16.1,16.1,15.7,16.1,15.3z\"><\/path><\/svg><\/span>\n\t\t\t\t\t\t\t\t\t\t\t\t\t\t<\/span>\n\t\t\t\t\t\t\t\t\t\t\t\t<a class=\"elementor-accordion-title\" tabindex=\"0\">4. Da li pru\u017eate usluge na teritoriji cele Srbije?<\/a>\n\t\t\t\t\t<\/div>\n\t\t\t\t\t<div id=\"elementor-tab-content-1084\" class=\"elementor-tab-content elementor-clearfix\" data-tab=\"4\" role=\"region\" aria-labelledby=\"elementor-tab-title-1084\"><p>Da, radimo na celoj teritoriji Republike Srbije, a za ve\u0107e projekte izlazimo i van granica.<\/p><\/div>\n\t\t\t\t<\/div>\n\t\t\t\t\t\t\t\t<\/div>\n\t\t\t\t\t\t<\/div>\n\t\t\t\t<\/div>\n\t\t\t\t<div class=\"elementor-element elementor-element-58fa55e8 elementor-widget-divider--view-line sc_fly_static elementor-widget elementor-widget-divider\" data-id=\"58fa55e8\" data-element_type=\"widget\" data-e-type=\"widget\" data-widget_type=\"divider.default\">\n\t\t\t\t<div class=\"elementor-widget-container\">\n\t\t\t\t\t\t\t<div class=\"elementor-divider\">\n\t\t\t<span class=\"elementor-divider-separator\">\n\t\t\t\t\t\t<\/span>\n\t\t<\/div>\n\t\t\t\t\t\t<\/div>\n\t\t\t\t<\/div>\n\t\t\t\t\t<\/div>\n\t\t<\/div>\n\t\t\t\t\t<\/div>\n\t\t<\/section>\n\t\t\t\t<section class=\"elementor-section elementor-top-section elementor-element elementor-element-cbd54ee elementor-section-full_width elementor-section-height-default elementor-section-height-default sc_fly_static\" data-id=\"cbd54ee\" data-element_type=\"section\" data-e-type=\"section\" data-settings=\"{&quot;background_background&quot;:&quot;classic&quot;}\">\n\t\t\t\t\t\t<div class=\"elementor-container elementor-column-gap-no\">\n\t\t\t\t\t<div class=\"elementor-column elementor-col-100 elementor-top-column elementor-element elementor-element-55737da sc_content_align_inherit sc_layouts_column_icons_position_left sc_fly_static\" data-id=\"55737da\" data-element_type=\"column\" data-e-type=\"column\">\n\t\t\t<div class=\"elementor-widget-wrap elementor-element-populated\">\n\t\t\t\t\t\t<div class=\"elementor-element elementor-element-bfdd584 sc_fly_static elementor-widget elementor-widget-spacer\" data-id=\"bfdd584\" data-element_type=\"widget\" data-e-type=\"widget\" data-widget_type=\"spacer.default\">\n\t\t\t\t<div class=\"elementor-widget-container\">\n\t\t\t\t\t\t\t<div class=\"elementor-spacer\">\n\t\t\t<div class=\"elementor-spacer-inner\"><\/div>\n\t\t<\/div>\n\t\t\t\t\t\t<\/div>\n\t\t\t\t<\/div>\n\t\t\t\t<section class=\"trx_addons_has_bg_text elementor-section elementor-inner-section elementor-element elementor-element-369243b elementor-section-full_width elementor-section-height-min-height elementor-section-height-default sc_fly_static\" data-bg-text=\"{&quot;bg_text&quot;:&quot;Partner u oblasti vodosnadbevanja&quot;,&quot;bg_text_effect&quot;:&quot;none&quot;,&quot;bg_text_overlay&quot;:{&quot;url&quot;:&quot;&quot;},&quot;bg_text_left&quot;:{&quot;size&quot;:&quot;&quot;,&quot;unit&quot;:&quot;%&quot;},&quot;bg_text_top&quot;:{&quot;unit&quot;:&quot;px&quot;,&quot;size&quot;:-10,&quot;sizes&quot;:[]},&quot;bg_text_z_index&quot;:{&quot;size&quot;:&quot;0&quot;,&quot;unit&quot;:&quot;px&quot;},&quot;bg_text_marquee&quot;:{&quot;unit&quot;:&quot;px&quot;,&quot;size&quot;:9,&quot;sizes&quot;:[]},&quot;bg_text_marquee_hover&quot;:&quot;&quot;,&quot;bg_text_marquee_margin&quot;:{&quot;unit&quot;:&quot;px&quot;,&quot;size&quot;:0,&quot;sizes&quot;:[]},&quot;bg_text_reverse&quot;:0,&quot;bg_text_accelerate&quot;:0,&quot;bg_text_delimiter_icon&quot;:&quot;&quot;,&quot;bg_text_delimiter_image&quot;:&quot;&quot;,&quot;bg_text_delimiter_svg&quot;:&quot;&quot;,&quot;bg_text_delimiter_rotation&quot;:0}\" data-id=\"369243b\" data-element_type=\"section\" data-e-type=\"section\">\n\t\t\t\t\t\t<div class=\"elementor-container elementor-column-gap-extended\">\n\t\t\t\t\t<div class=\"elementor-column elementor-col-100 elementor-inner-column elementor-element elementor-element-b917346 sc_content_align_inherit sc_layouts_column_icons_position_left sc_fly_static\" data-id=\"b917346\" data-element_type=\"column\" data-e-type=\"column\">\n\t\t\t<div class=\"elementor-widget-wrap\">\n\t\t\t\t\t\t\t<\/div>\n\t\t<\/div>\n\t\t\t\t\t<\/div>\n\t\t<\/section>\n\t\t\t\t<div class=\"elementor-element elementor-element-5f58a3a sc_height_huge sc_fly_static elementor-widget elementor-widget-spacer\" data-id=\"5f58a3a\" data-element_type=\"widget\" data-e-type=\"widget\" data-widget_type=\"spacer.default\">\n\t\t\t\t<div class=\"elementor-widget-container\">\n\t\t\t\t\t\t\t<div class=\"elementor-spacer\">\n\t\t\t<div class=\"elementor-spacer-inner\"><\/div>\n\t\t<\/div>\n\t\t\t\t\t\t<\/div>\n\t\t\t\t<\/div>\n\t\t\t\t\t<\/div>\n\t\t<\/div>\n\t\t\t\t\t<\/div>\n\t\t<\/section>\n\t\t\t\t<\/div>","protected":false},"excerpt":{"rendered":"<p>FAQ Odgovaramo na naj\u010de\u0161\u010da pitanja klijenata 1. Kako mogu da zaka\u017eem detekciju kvara? Mo\u017eete nas kontaktirati putem telefona, e-maila ili popunjavanjem forme na sajtu. Na\u0161 tim \u0107e vam se javiti&hellip;<\/p>","protected":false},"author":1,"featured_media":0,"parent":0,"menu_order":0,"comment_status":"closed","ping_status":"closed","template":"","meta":{"_themeisle_gutenberg_block_has_review":false,"footnotes":""},"class_list":["post-19441","page","type-page","status-publish","hentry"],"_links":{"self":[{"href":"https:\/\/paninzenjering.com\/en\/wp-json\/wp\/v2\/pages\/19441","targetHints":{"allow":["GET"]}}],"collection":[{"href":"https:\/\/paninzenjering.com\/en\/wp-json\/wp\/v2\/pages"}],"about":[{"href":"https:\/\/paninzenjering.com\/en\/wp-json\/wp\/v2\/types\/page"}],"author":[{"embeddable":true,"href":"https:\/\/paninzenjering.com\/en\/wp-json\/wp\/v2\/users\/1"}],"replies":[{"embeddable":true,"href":"https:\/\/paninzenjering.com\/en\/wp-json\/wp\/v2\/comments?post=19441"}],"version-history":[{"count":0,"href":"https:\/\/paninzenjering.com\/en\/wp-json\/wp\/v2\/pages\/19441\/revisions"}],"wp:attachment":[{"href":"https:\/\/paninzenjering.com\/en\/wp-json\/wp\/v2\/media?parent=19441"}],"curies":[{"name":"wp","href":"https:\/\/api.w.org\/{rel}","templated":true}]}}