{"id":22337,"date":"2025-03-27T17:39:50","date_gmt":"2025-03-27T16:39:50","guid":{"rendered":"https:\/\/paninzenjering.com\/?page_id=22337"},"modified":"2025-03-27T17:48:49","modified_gmt":"2025-03-27T16:48:49","slug":"uslovi-koriscenja","status":"publish","type":"page","link":"https:\/\/paninzenjering.com\/en\/uslovi-koriscenja\/","title":{"rendered":"Terms of Use"},"content":{"rendered":"<div data-elementor-type=\"wp-page\" data-elementor-id=\"22337\" class=\"elementor elementor-22337\">\n\t\t\t\t\t\t<section class=\"elementor-section elementor-top-section elementor-element elementor-element-b46b392 elementor-section-boxed elementor-section-height-default elementor-section-height-default sc_fly_static\" data-id=\"b46b392\" data-element_type=\"section\" data-e-type=\"section\" data-settings=\"{&quot;background_background&quot;:&quot;classic&quot;}\">\n\t\t\t\t\t\t<div class=\"elementor-container elementor-column-gap-extended\">\n\t\t\t\t\t<div class=\"elementor-column elementor-col-100 elementor-top-column elementor-element elementor-element-7471d43 sc_content_align_inherit sc_layouts_column_icons_position_left sc_fly_static\" data-id=\"7471d43\" data-element_type=\"column\" data-e-type=\"column\">\n\t\t\t<div class=\"elementor-widget-wrap elementor-element-populated\">\n\t\t\t\t\t\t<div class=\"elementor-element elementor-element-fef38bc sc_fly_static elementor-widget elementor-widget-text-editor\" data-id=\"fef38bc\" data-element_type=\"widget\" data-e-type=\"widget\" data-widget_type=\"text-editor.default\">\n\t\t\t\t<div class=\"elementor-widget-container\">\n\t\t\t\t\t\t\t\t\t<h4 data-start=\"212\" data-end=\"238\"><strong data-start=\"212\" data-end=\"238\">Pan in\u017eenjering d.o.o.<\/strong><\/h4><p class=\"\" data-start=\"240\" data-end=\"283\"><strong data-start=\"240\" data-end=\"283\">Datum poslednje izmene: 27.3.2025<\/strong><\/p><p class=\"\" data-start=\"285\" data-end=\"568\">Dobrodo\u0161li na internet prezentaciju kompanije Pan in\u017eenjering d.o.o. (u daljem tekstu: &#8222;Kompanija&#8220;, &#8222;mi&#8220;, &#8222;na\u0161&#8220;, &#8222;sajt&#8220;). Kori\u0161\u0107enjem ovog sajta prihvatate slede\u0107e uslove kori\u0161\u0107enja. Molimo vas da ih pa\u017eljivo pro\u010ditate. Ukoliko se ne sla\u017eete sa uslovima, nemojte koristiti ovaj sajt.<\/p>\t\t\t\t\t\t\t\t<\/div>\n\t\t\t\t<\/div>\n\t\t\t\t<div class=\"elementor-element elementor-element-587abb3 sc_height_medium sc_fly_static elementor-widget elementor-widget-spacer\" data-id=\"587abb3\" data-element_type=\"widget\" data-e-type=\"widget\" data-widget_type=\"spacer.default\">\n\t\t\t\t<div class=\"elementor-widget-container\">\n\t\t\t\t\t\t\t<div class=\"elementor-spacer\">\n\t\t\t<div class=\"elementor-spacer-inner\"><\/div>\n\t\t<\/div>\n\t\t\t\t\t\t<\/div>\n\t\t\t\t<\/div>\n\t\t\t\t<div class=\"elementor-element elementor-element-4c998e6 sc_fly_static elementor-widget elementor-widget-text-editor\" data-id=\"4c998e6\" data-element_type=\"widget\" data-e-type=\"widget\" data-widget_type=\"text-editor.default\">\n\t\t\t\t<div class=\"elementor-widget-container\">\n\t\t\t\t\t\t\t\t\t<h5>1. Pravo kori\u0161\u0107enja sadr\u017eaja<\/h5><p class=\"\" data-start=\"613\" data-end=\"843\">Sadr\u017eaji objavljeni na sajtu, uklju\u010duju\u0107i tekstove, fotografije, grafiku, video materijal, logotipe i druge informacije, vlasni\u0161tvo su Pan in\u017eenjeringa i\/ili njegovih partnera i za\u0161ti\u0107eni su zakonima o autorskim i srodnim pravima.<\/p><p class=\"\" data-start=\"845\" data-end=\"999\">Zabranjeno je kopiranje, reprodukovanje, distribucija ili modifikovanje bilo kog dela sadr\u017eaja bez izri\u010dite prethodne pisane saglasnosti Pan in\u017eenjeringa.<\/p>\t\t\t\t\t\t\t\t<\/div>\n\t\t\t\t<\/div>\n\t\t\t\t<div class=\"elementor-element elementor-element-275b3de sc_height_medium sc_fly_static elementor-widget elementor-widget-spacer\" data-id=\"275b3de\" data-element_type=\"widget\" data-e-type=\"widget\" data-widget_type=\"spacer.default\">\n\t\t\t\t<div class=\"elementor-widget-container\">\n\t\t\t\t\t\t\t<div class=\"elementor-spacer\">\n\t\t\t<div class=\"elementor-spacer-inner\"><\/div>\n\t\t<\/div>\n\t\t\t\t\t\t<\/div>\n\t\t\t\t<\/div>\n\t\t\t\t<div class=\"elementor-element elementor-element-faab1ed sc_fly_static elementor-widget elementor-widget-text-editor\" data-id=\"faab1ed\" data-element_type=\"widget\" data-e-type=\"widget\" data-widget_type=\"text-editor.default\">\n\t\t\t\t<div class=\"elementor-widget-container\">\n\t\t\t\t\t\t\t\t\t<h5>2. Svrha sajta<\/h5><p class=\"\" data-start=\"613\" data-end=\"843\">Sajt je namenjen informisanju posetilaca o uslugama koje nudi Pan in\u017eenjering, uklju\u010duju\u0107i detekciju kvarova, inspekciju sistema i savete u vezi sa odr\u017eavanjem vodovodnih i kanalizacionih instalacija. Sadr\u017eaji na sajtu su informativnog karaktera i ne predstavljaju pravno obavezuju\u0107e ponude.<\/p>\t\t\t\t\t\t\t\t<\/div>\n\t\t\t\t<\/div>\n\t\t\t\t<div class=\"elementor-element elementor-element-a818b2e sc_height_medium sc_fly_static elementor-widget elementor-widget-spacer\" data-id=\"a818b2e\" data-element_type=\"widget\" data-e-type=\"widget\" data-widget_type=\"spacer.default\">\n\t\t\t\t<div class=\"elementor-widget-container\">\n\t\t\t\t\t\t\t<div class=\"elementor-spacer\">\n\t\t\t<div class=\"elementor-spacer-inner\"><\/div>\n\t\t<\/div>\n\t\t\t\t\t\t<\/div>\n\t\t\t\t<\/div>\n\t\t\t\t<div class=\"elementor-element elementor-element-a0e3125 sc_fly_static elementor-widget elementor-widget-text-editor\" data-id=\"a0e3125\" data-element_type=\"widget\" data-e-type=\"widget\" data-widget_type=\"text-editor.default\">\n\t\t\t\t<div class=\"elementor-widget-container\">\n\t\t\t\t\t\t\t\t\t<h5>3. Odricanje od odgovornosti<\/h5><p class=\"\" data-start=\"1366\" data-end=\"1636\">Iako se trudimo da sve informacije na sajtu budu ta\u010dne i a\u017eurne, Pan in\u017eenjering ne garantuje njihovu potpunu ta\u010dnost ili potpunost u svakom trenutku. Kompanija ne snosi odgovornost za bilo kakvu \u0161tetu nastalu kori\u0161\u0107enjem sajta ili oslanjanjem na objavljene informacije.<\/p><p class=\"\" data-start=\"1638\" data-end=\"1724\">Kori\u0161\u0107enje informacija sa sajta vr\u0161i se isklju\u010divo na sopstvenu odgovornost korisnika.<\/p>\t\t\t\t\t\t\t\t<\/div>\n\t\t\t\t<\/div>\n\t\t\t\t<div class=\"elementor-element elementor-element-15e71fd sc_height_medium sc_fly_static elementor-widget elementor-widget-spacer\" data-id=\"15e71fd\" data-element_type=\"widget\" data-e-type=\"widget\" data-widget_type=\"spacer.default\">\n\t\t\t\t<div class=\"elementor-widget-container\">\n\t\t\t\t\t\t\t<div class=\"elementor-spacer\">\n\t\t\t<div class=\"elementor-spacer-inner\"><\/div>\n\t\t<\/div>\n\t\t\t\t\t\t<\/div>\n\t\t\t\t<\/div>\n\t\t\t\t<div class=\"elementor-element elementor-element-22690d3 sc_fly_static elementor-widget elementor-widget-text-editor\" data-id=\"22690d3\" data-element_type=\"widget\" data-e-type=\"widget\" data-widget_type=\"text-editor.default\">\n\t\t\t\t<div class=\"elementor-widget-container\">\n\t\t\t\t\t\t\t\t\t<h5>4. Linkovi ka tre\u0107im licima<\/h5><p class=\"\" data-start=\"1366\" data-end=\"1636\">Sajt mo\u017ee sadr\u017eati linkove ka drugim internet stranicama. Pan in\u017eenjering nije odgovoran za sadr\u017eaj ili politiku privatnosti tih stranica, niti za bilo kakvu \u0161tetu nastalu njihovim kori\u0161\u0107enjem.<\/p>\t\t\t\t\t\t\t\t<\/div>\n\t\t\t\t<\/div>\n\t\t\t\t<div class=\"elementor-element elementor-element-1652a67 sc_height_medium sc_fly_static elementor-widget elementor-widget-spacer\" data-id=\"1652a67\" data-element_type=\"widget\" data-e-type=\"widget\" data-widget_type=\"spacer.default\">\n\t\t\t\t<div class=\"elementor-widget-container\">\n\t\t\t\t\t\t\t<div class=\"elementor-spacer\">\n\t\t\t<div class=\"elementor-spacer-inner\"><\/div>\n\t\t<\/div>\n\t\t\t\t\t\t<\/div>\n\t\t\t\t<\/div>\n\t\t\t\t<div class=\"elementor-element elementor-element-b23ef10 sc_fly_static elementor-widget elementor-widget-text-editor\" data-id=\"b23ef10\" data-element_type=\"widget\" data-e-type=\"widget\" data-widget_type=\"text-editor.default\">\n\t\t\t\t<div class=\"elementor-widget-container\">\n\t\t\t\t\t\t\t\t\t<h5>5. Privatnost i za\u0161tita podataka<\/h5><p class=\"\" data-start=\"1366\" data-end=\"1636\">Kori\u0161\u0107enjem sajta prihvatate na\u0161u <strong data-start=\"2044\" data-end=\"2068\">Politiku privatnosti<\/strong>, koja detaljno opisuje na\u010din prikupljanja i obrade li\u010dnih podataka u skladu sa Zakonom o za\u0161titi podataka o li\u010dnosti (\u201eSl. glasnik RS\u201c, br. 87\/2018). Politika privatnosti dostupna je na posebnoj stranici sajta.<\/p>\t\t\t\t\t\t\t\t<\/div>\n\t\t\t\t<\/div>\n\t\t\t\t<div class=\"elementor-element elementor-element-625f98b sc_height_medium sc_fly_static elementor-widget elementor-widget-spacer\" data-id=\"625f98b\" data-element_type=\"widget\" data-e-type=\"widget\" data-widget_type=\"spacer.default\">\n\t\t\t\t<div class=\"elementor-widget-container\">\n\t\t\t\t\t\t\t<div class=\"elementor-spacer\">\n\t\t\t<div class=\"elementor-spacer-inner\"><\/div>\n\t\t<\/div>\n\t\t\t\t\t\t<\/div>\n\t\t\t\t<\/div>\n\t\t\t\t<div class=\"elementor-element elementor-element-ab0a2b5 sc_fly_static elementor-widget elementor-widget-text-editor\" data-id=\"ab0a2b5\" data-element_type=\"widget\" data-e-type=\"widget\" data-widget_type=\"text-editor.default\">\n\t\t\t\t<div class=\"elementor-widget-container\">\n\t\t\t\t\t\t\t\t\t<h5>6. Kola\u010di\u0107i (cookies)<\/h5><p class=\"\" data-start=\"1366\" data-end=\"1636\">Sajt koristi kola\u010di\u0107e radi pobolj\u0161anja korisni\u010dkog iskustva i analitike. Kori\u0161\u0107enjem sajta pristajete na upotrebu kola\u010di\u0107a, u skladu sa postavkama va\u0161eg pretra\u017eiva\u010da. Vi\u0161e informacija dostupno je u Politici privatnosti.<\/p>\t\t\t\t\t\t\t\t<\/div>\n\t\t\t\t<\/div>\n\t\t\t\t<div class=\"elementor-element elementor-element-174aafd sc_height_medium sc_fly_static elementor-widget elementor-widget-spacer\" data-id=\"174aafd\" data-element_type=\"widget\" data-e-type=\"widget\" data-widget_type=\"spacer.default\">\n\t\t\t\t<div class=\"elementor-widget-container\">\n\t\t\t\t\t\t\t<div class=\"elementor-spacer\">\n\t\t\t<div class=\"elementor-spacer-inner\"><\/div>\n\t\t<\/div>\n\t\t\t\t\t\t<\/div>\n\t\t\t\t<\/div>\n\t\t\t\t<div class=\"elementor-element elementor-element-4108db9 sc_fly_static elementor-widget elementor-widget-text-editor\" data-id=\"4108db9\" data-element_type=\"widget\" data-e-type=\"widget\" data-widget_type=\"text-editor.default\">\n\t\t\t\t<div class=\"elementor-widget-container\">\n\t\t\t\t\t\t\t\t\t<h5>7. Promene uslova<\/h5><p class=\"\" data-start=\"2570\" data-end=\"2826\">Pan in\u017eenjering zadr\u017eava pravo da u bilo kom trenutku izmeni Uslove kori\u0161\u0107enja bez prethodne najave. Promene stupaju na snagu objavljivanjem na ovoj stranici. Preporu\u010dujemo da redovno proveravate ovu stranicu kako biste bili informisani o va\u017ee\u0107im uslovima.<\/p>\t\t\t\t\t\t\t\t<\/div>\n\t\t\t\t<\/div>\n\t\t\t\t<div class=\"elementor-element elementor-element-674da18 sc_height_medium sc_fly_static elementor-widget elementor-widget-spacer\" data-id=\"674da18\" data-element_type=\"widget\" data-e-type=\"widget\" data-widget_type=\"spacer.default\">\n\t\t\t\t<div class=\"elementor-widget-container\">\n\t\t\t\t\t\t\t<div class=\"elementor-spacer\">\n\t\t\t<div class=\"elementor-spacer-inner\"><\/div>\n\t\t<\/div>\n\t\t\t\t\t\t<\/div>\n\t\t\t\t<\/div>\n\t\t\t\t<div class=\"elementor-element elementor-element-ce2d981 sc_fly_static elementor-widget elementor-widget-text-editor\" data-id=\"ce2d981\" data-element_type=\"widget\" data-e-type=\"widget\" data-widget_type=\"text-editor.default\">\n\t\t\t\t<div class=\"elementor-widget-container\">\n\t\t\t\t\t\t\t\t\t<h5>8. Nadle\u017enost i primenjivo pravo<\/h5><p class=\"\" data-start=\"2875\" data-end=\"3014\">Ovi uslovi kori\u0161\u0107enja tuma\u010de se u skladu sa pravom Republike Srbije. Za sve eventualne sporove nadle\u017ean je stvarno nadle\u017eni sud u \u010ca\u010dku.<\/p>\t\t\t\t\t\t\t\t<\/div>\n\t\t\t\t<\/div>\n\t\t\t\t<div class=\"elementor-element elementor-element-aeed67d sc_height_medium sc_fly_static elementor-widget elementor-widget-spacer\" data-id=\"aeed67d\" data-element_type=\"widget\" data-e-type=\"widget\" data-widget_type=\"spacer.default\">\n\t\t\t\t<div class=\"elementor-widget-container\">\n\t\t\t\t\t\t\t<div class=\"elementor-spacer\">\n\t\t\t<div class=\"elementor-spacer-inner\"><\/div>\n\t\t<\/div>\n\t\t\t\t\t\t<\/div>\n\t\t\t\t<\/div>\n\t\t\t\t<div class=\"elementor-element elementor-element-50b3129 sc_fly_static elementor-widget elementor-widget-text-editor\" data-id=\"50b3129\" data-element_type=\"widget\" data-e-type=\"widget\" data-widget_type=\"text-editor.default\">\n\t\t\t\t<div class=\"elementor-widget-container\">\n\t\t\t\t\t\t\t\t\t<h5>9. Kontakt<\/h5><p class=\"\" data-start=\"3041\" data-end=\"3116\">Za sva pitanja u vezi sa uslovima kori\u0161\u0107enja mo\u017eete nas kontaktirati putem:<\/p><p class=\"\" data-start=\"3118\" data-end=\"3248\"><strong data-start=\"3118\" data-end=\"3144\">Pan in\u017eenjering d.o.o.<\/strong><br data-start=\"3144\" data-end=\"3147\" \/>Adresa: Solunska 9, 32000 \u010ca\u010dak<br data-start=\"3179\" data-end=\"3182\" \/>Email: office@paninzenjering.com<br data-start=\"3211\" data-end=\"3214\" \/>Telefon: 064 56 78 9999\u00a0<\/p>\t\t\t\t\t\t\t\t<\/div>\n\t\t\t\t<\/div>\n\t\t\t\t\t<\/div>\n\t\t<\/div>\n\t\t\t\t\t<\/div>\n\t\t<\/section>\n\t\t\t\t<\/div>","protected":false},"excerpt":{"rendered":"<p>Pan in\u017eenjering d.o.o. Datum poslednje izmene: 27.3.2025 Dobrodo\u0161li na internet prezentaciju kompanije Pan in\u017eenjering d.o.o. (u daljem tekstu: &#8222;Kompanija&#8220;, &#8222;mi&#8220;, &#8222;na\u0161&#8220;, &#8222;sajt&#8220;). Kori\u0161\u0107enjem ovog sajta prihvatate slede\u0107e uslove kori\u0161\u0107enja. Molimo&hellip;<\/p>","protected":false},"author":1,"featured_media":0,"parent":0,"menu_order":0,"comment_status":"closed","ping_status":"closed","template":"","meta":{"_themeisle_gutenberg_block_has_review":false,"footnotes":""},"class_list":["post-22337","page","type-page","status-publish","hentry"],"_links":{"self":[{"href":"https:\/\/paninzenjering.com\/en\/wp-json\/wp\/v2\/pages\/22337","targetHints":{"allow":["GET"]}}],"collection":[{"href":"https:\/\/paninzenjering.com\/en\/wp-json\/wp\/v2\/pages"}],"about":[{"href":"https:\/\/paninzenjering.com\/en\/wp-json\/wp\/v2\/types\/page"}],"author":[{"embeddable":true,"href":"https:\/\/paninzenjering.com\/en\/wp-json\/wp\/v2\/users\/1"}],"replies":[{"embeddable":true,"href":"https:\/\/paninzenjering.com\/en\/wp-json\/wp\/v2\/comments?post=22337"}],"version-history":[{"count":0,"href":"https:\/\/paninzenjering.com\/en\/wp-json\/wp\/v2\/pages\/22337\/revisions"}],"wp:attachment":[{"href":"https:\/\/paninzenjering.com\/en\/wp-json\/wp\/v2\/media?parent=22337"}],"curies":[{"name":"wp","href":"https:\/\/api.w.org\/{rel}","templated":true}]}}